{"id":5,"date":"2022-03-23T05:42:58","date_gmt":"2022-03-23T05:42:58","guid":{"rendered":"https:\/\/lascalifornias.com\/?page_id=5"},"modified":"2022-04-28T00:30:34","modified_gmt":"2022-04-28T00:30:34","slug":"home","status":"publish","type":"page","link":"https:\/\/lascalifornias.com\/es\/","title":{"rendered":"Home"},"content":{"rendered":"<div id=\"banner-image-block_623ab79c8e012\" class=\"wp-block head-banner banner-image ticss-720e2690 alignfull\" role=\"banner\">\n            <picture class=\"banner\"><source data-srcset=\"https:\/\/lascalifornias.com\/wp-content\/uploads\/2022\/04\/home-banner-v2-2x-min-1440x770.png, https:\/\/lascalifornias.com\/wp-content\/uploads\/2022\/04\/home-banner-v2-2x-min-2880x1540.png 2x\" media=\"(min-width: 1025px)\"><source data-srcset=\"https:\/\/lascalifornias.com\/wp-content\/uploads\/2022\/04\/home-banner-v2-2x-min-768x550.png, https:\/\/lascalifornias.com\/wp-content\/uploads\/2022\/04\/home-banner-v2-2x-min-1536x1100.png 2x\" media=\"(min-width: 768px) and (max-width: 1024px)\"><source data-srcset=\"https:\/\/lascalifornias.com\/wp-content\/uploads\/2022\/04\/home-banner-mb-2x-375x418.png, https:\/\/lascalifornias.com\/wp-content\/uploads\/2022\/04\/home-banner-mb-2x-750x836.png 2x\" media=\"(max-width: 767px)\"><img data-src=\"https:\/\/lascalifornias.com\/wp-content\/uploads\/2022\/04\/home-banner-v2-2x-min-1440x770.png\" alt=\"\"><\/picture>\n        <div class=\"content bottom left has-text-align-left\">\n                <div class=\"container\">\n            <div class=\"content-wrapper\">\n                \n\n<h1 class=\"is-style-default title has-cream-color has-text-color has-huge-font-size wp-block-heading\">destilado<br>sin<br><mark style=\"background-color:rgba(0, 0, 0, 0)\" class=\"has-inline-color has-green-color\">fronteras<\/mark><\/h1>\n\n\n            <\/div>\n        <\/div>\n    <\/div>    \n<\/div>\n\n\n\n<div class=\"wp-block-group\"><div class=\"wp-block-group__inner-container is-layout-flow wp-block-group-is-layout-flow\">\n<div class=\"content-bg alignfull home-bg-map\">\n<svg viewbox=\"0 0 882 1862\" fill=\"none\" xmlns=\"http:\/\/www.w3.org\/2000\/svg\">\n<path d=\"M793.901 1710.93L775.596 1644.21L743.755 1523.46L666.36 1400.76L648.173 1320.96L547.315 1192.99L529.546 1086.57L552.055 939.257L580.408 925.903L584.462 857.64L622.921 783.564L284.927 316.484L333.463 64.0599L43.3487 0L0 119.445L19.9452 171.671L21.1079 240.113L71.8503 373.837L92.839 444.425L116.153 462.4L90.7222 505.414L157.027 630.464L168.207 690.41L259.436 735.78L333.254 804.013L380.598 883.574L417.09 1036.88L453.432 1186.23L561.148 1319.92L504.055 1369.94L672.799 1536.81L642.509 1602.42L751.387 1737.76L807.019 1798.8L819.958 1862L882 1821.22L817.603 1718.17L793.901 1710.93Z\" fill=\"#BFD0C8\" fill-opacity=\"0.4\"><\/path>\n<\/svg>\n<\/div>\n\n\n<div aria-hidden=\"true\" id=\"elmntl-spacer-block_623d15b8cdada\" class=\"elmntl-spacer\">\n    <div class=\"spacer dt-spacer\" style=\"height: 237px;\"><\/div>\n    <div class=\"spacer tb-spacer\" style=\"height: 50px;\"><\/div>\n    <div class=\"spacer mb-spacer\" style=\"height: 82px;\"><\/div>\n<\/div>\n\n\n\n<div class=\"wp-block-group is-content-justification-right is-layout-flex wp-container-core-group-is-layout-420261b9 wp-block-group-is-layout-flex\">\n<div class=\"wp-block-group ticss-93363387 animate-group\"><div class=\"wp-block-group__inner-container is-layout-flow wp-block-group-is-layout-flow\">\n<p class=\"slide-up has-green-color has-text-color\" style=\"font-style:normal;font-weight:300\"><mark style=\"background-color:rgba(0, 0, 0, 0)\" class=\"has-inline-color has-green-color is-style-head\" data-no-auto-translation=\"\">Gin de las californias<\/mark> es una familia de ginebras elaboradas de manera artesanal con bot\u00e1nicos naturales provenientes de dos pa\u00edses vecinos: Estados Unidos y M\u00e9xico. Nuestras ginebras son producto de una exploraci\u00f3n rigurosa de la diversidad biol\u00f3gica y cultural que fluye libremente a trav\u00e9s de esta vasta regi\u00f3n, y reflejan lo que ocurre cuando trascendemos fronteras artificiales y l\u00edneas imaginarias. Nuestra b\u00fasqueda de ingredientes locales a lo largo de este territorio \u2014 desde algas de extraordinario sabor en las aguas g\u00e9lidas de Alta California, hasta la salvia blanca de notas florales en los desiertos secos de Baja California \u2014 dio origen a la armon\u00eda m\u00e1s perfecta; dio origen a Las Californias.<\/p>\n<\/div><\/div>\n<\/div>\n\n\n<div aria-hidden=\"true\" id=\"elmntl-spacer-block_623d6aafca7fa\" class=\"elmntl-spacer\">\n    <div class=\"spacer dt-spacer\" style=\"height: 120px;\"><\/div>\n    <div class=\"spacer tb-spacer\" style=\"height: 50px;\"><\/div>\n    <div class=\"spacer mb-spacer\" style=\"height: 0px;\"><\/div>\n<\/div>\n\n\n<div id=\"elmntl-spirit-media-text-block_623d66ab64581\" class=\"elmntl-spirit-media-text animate-group media-right\">\n    <div class=\"header slide-right\"><h2 class=\"has-huge-font-size\" style=\"color: #fcc787;\">c\u00edtrico<\/h2c><\/div>\n    <figure class=\"media slide-left\">\n        <img loading=\"lazy\" decoding=\"async\" width=\"1024\" height=\"780\" src=\"https:\/\/lascalifornias.com\/wp-content\/uploads\/2022\/03\/citrico-2x-1024x780.png\" class=\"attachment-large size-large\" alt=\"\" srcset=\"\" sizes=\"auto, (max-width: 1024px) 100vw, 1024px\" data-srcset=\"\" \/>                    <div class=\"citrus\">\n                <img  data-src=\"https:\/\/lascalifornias.com\/wp-content\/uploads\/2022\/04\/citrico-icons-vertical.svg\" class=\"inline-svg\" alt=\"c\u00edtrico citrus\">\n            <\/div>\n            <\/figure>\n    <div class=\"content slide-up\">\n        \n\n<p class=\"ticss-f05f3b76 has-orange-color has-text-color has-small-font-size\" style=\"font-style:normal;font-weight:300\">Una ginebra c\u00edtrica, destilada con bot\u00e1nicos trasladados por migrantes a la regi\u00f3n de las Californias, recolectados en ambos lados de la frontera.<\/p>\n\n\n<div aria-hidden=\"true\" id=\"elmntl-spacer-block_623d20fd75c97\" class=\"elmntl-spacer\">\n    <div class=\"spacer dt-spacer\" style=\"height: 100px;\"><\/div>\n    <div class=\"spacer tb-spacer\" style=\"height: 0px;\"><\/div>\n    <div class=\"spacer mb-spacer\" style=\"height: 0px;\"><\/div>\n<\/div>\n\n\n\n<div class=\"wp-block-buttons is-layout-flex wp-block-buttons-is-layout-flex\">\n<div class=\"wp-block-button is-style-outline is-style-outline--1\"><a class=\"wp-block-button__link has-orange-color has-cream-background-color has-text-color has-background\" href=\"https:\/\/lascalifornias.com\/es\/citrico\/\">descubre c\u00edtrico <\/a><\/div>\n<\/div>\n\n\n\n<div class=\"animate-line line-mb line-tb\">\n<div class=\"svg-wrapper\" style=\"height: 80px;transform:rotate(-179.55deg) translatex(-15px);top: -30px;right: 115px;\">\n<svg width=\"48\" height=\"83\" viewbox=\"0 0 48 83\" fill=\"none\" xmlns=\"http:\/\/www.w3.org\/2000\/svg\">\n\t<defs>\n\t\t<mask id=\"citrico-svg-mask-mb\" maskunits=\"userSpaceOnUse\">\n\t\t\t<path class=\"animate-line-svg\" d=\"M1.00004 81.9248C1.47927 79.2791 2.01853 76.9245 4.16516 75.1364C6.35977 73.3083 10.0695 72.8138 12.7971 72.23C20.0142 70.6851 27.6809 71.108 34.6601 68.5111C40.1837 66.4559 44.8125 63.9057 46.309 57.864C48.0178 50.9652 45.5403 45.4282 39.3303 41.8134C34.7462 39.145 30.1146 37.2833 25.1175 35.5627C20.1718 33.8597 14.8777 31.3274 11.1606 27.5501C8.31641 24.6599 7.13504 19.6783 9.67695 16.1771C13.2449 11.2627 22.428 8.26692 22.4839 1.16408\" stroke=\"#EFB880\" stroke-linecap=\"round\" stroke-width=\"1\"><\/path>\n\t\t<\/mask>\n\t<\/defs>\n\t<g mask=\"url(#citrico-svg-mask-mb)\">\n\t\t<path d=\"M1.00004 81.9248C1.47927 79.2791 2.01853 76.9245 4.16516 75.1364C6.35977 73.3083 10.0695 72.8138 12.7971 72.23C20.0142 70.6851 27.6809 71.108 34.6601 68.5111C40.1837 66.4559 44.8125 63.9057 46.309 57.864C48.0178 50.9652 45.5403 45.4282 39.3303 41.8134C34.7462 39.145 30.1146 37.2833 25.1175 35.5627C20.1718 33.8597 14.8777 31.3274 11.1606 27.5501C8.31641 24.6599 7.13504 19.6783 9.67695 16.1771C13.2449 11.2627 22.428 8.26692 22.4839 1.16408\" stroke=\"#EFB880\" stroke-linecap=\"round\" stroke-width=\"1\" stroke-dasharray=\"6 6\"><\/path>\n\t<\/g>\n<\/svg>\n<\/div>\n<\/div>\n\n\n\n<div class=\"animate-line line-dt\">\n<div class=\"svg-wrapper\" style=\"height: 554px;transform:rotate(-6.84deg) translatex(-15px);top: 34px;\">\n<svg width=\"287\" height=\"554\" viewbox=\"0 0 287 554\" fill=\"none\" xmlns=\"http:\/\/www.w3.org\/2000\/svg\">\n\t<defs>\n\t\t<mask id=\"citrico-svg-mask\" maskunits=\"userSpaceOnUse\">\n\t\t\t<path class=\"animate-line-svg\" d=\"M280.849 2.35528C279.922 20.1608 278.356 36.1025 265.741 49.6705C252.843 63.5419 228.858 69.9156 211.408 76.0506C165.236 92.2842 114.45 95.953 70.7281 118.907C36.1249 137.073 7.82311 157.742 3.0628 198.741C-2.37289 245.557 18.5823 279.894 62.4714 298.446C94.8692 312.141 126.901 320.49 161.218 327.604C195.182 334.644 232.136 346.847 259.764 368.565C280.904 385.183 292.866 416.956 279.092 442.125C259.758 477.453 201.874 504.884 207.482 551.652\" stroke=\"#EFB880\" stroke-width=\"3\" stroke-linecap=\"round\"><\/path>\n\t\t<\/mask>\n\t<\/defs>\n\t<g mask=\"url(#citrico-svg-mask)\">\n\t\t<path d=\"M280.849 2.35528C279.922 20.1608 278.356 36.1025 265.741 49.6705C252.843 63.5419 228.858 69.9156 211.408 76.0506C165.236 92.2842 114.45 95.953 70.7281 118.907C36.1249 137.073 7.82311 157.742 3.0628 198.741C-2.37289 245.557 18.5823 279.894 62.4714 298.446C94.8692 312.141 126.901 320.49 161.218 327.604C195.182 334.644 232.136 346.847 259.764 368.565C280.904 385.183 292.866 416.956 279.092 442.125C259.758 477.453 201.874 504.884 207.482 551.652\" stroke=\"#EFB880\" stroke-width=\"3\" stroke-linecap=\"round\" stroke-dasharray=\"6 6\"><\/path>\n\t<\/g>\n<\/svg>\n<\/div>\n<\/div>\n\n\n    <\/div>\n<\/div>\n\n\n<div aria-hidden=\"true\" id=\"elmntl-spacer-block_623d67546458b\" class=\"elmntl-spacer\">\n    <div class=\"spacer dt-spacer\" style=\"height: 155px;\"><\/div>\n    <div class=\"spacer tb-spacer\" style=\"height: 50px;\"><\/div>\n    <div class=\"spacer mb-spacer\" style=\"height: 40px;\"><\/div>\n<\/div>\n\n\n<div id=\"elmntl-spirit-media-text-block_623d66ba64583\" class=\"elmntl-spirit-media-text animate-group media-left\">\n    <div class=\"header slide-left\"><h2 class=\"has-huge-font-size\" style=\"color: #3f605e;\">nativo<\/h2c><\/div>\n    <figure class=\"media slide-right\">\n        <img loading=\"lazy\" decoding=\"async\" width=\"1024\" height=\"780\" src=\"https:\/\/lascalifornias.com\/wp-content\/uploads\/2022\/03\/nativo-2x-1024x780.png\" class=\"attachment-large size-large\" alt=\"\" srcset=\"\" sizes=\"auto, (max-width: 1024px) 100vw, 1024px\" data-srcset=\"\" \/>                    <div class=\"citrus\">\n                <img  data-src=\"https:\/\/lascalifornias.com\/wp-content\/uploads\/2022\/04\/nativo-icons-vertical.svg\" class=\"inline-svg\" alt=\"nativo citrus\">\n            <\/div>\n            <\/figure>\n    <div class=\"content slide-up\">\n        \n\n<p class=\"ticss-f7bb7916 has-green-color has-text-color has-small-font-size\" style=\"font-style:normal;font-weight:300\">Una ginebra \u00fanica, elaborada artesanalmente con bot\u00e1nicos nativos provenientes de ambos lados de la frontera.<\/p>\n\n\n<div aria-hidden=\"true\" id=\"elmntl-spacer-block_623d6850ca7f2\" class=\"elmntl-spacer\">\n    <div class=\"spacer dt-spacer\" style=\"height: 100px;\"><\/div>\n    <div class=\"spacer tb-spacer\" style=\"height: 0px;\"><\/div>\n    <div class=\"spacer mb-spacer\" style=\"height: 0px;\"><\/div>\n<\/div>\n\n\n\n<div class=\"wp-block-buttons is-content-justification-right is-layout-flex wp-container-core-buttons-is-layout-765c4724 wp-block-buttons-is-layout-flex\">\n<div class=\"wp-block-button is-style-outline is-style-outline--2\"><a class=\"wp-block-button__link has-green-color has-cream-background-color has-text-color has-background\" href=\"https:\/\/lascalifornias.com\/es\/nativo\/\">descubre nativo<\/a><\/div>\n<\/div>\n\n\n\n<div class=\"animate-line line-mb line-tb\">\n<div class=\"svg-wrapper\" style=\"height: 80px;transform:rotate(-179.55deg);top: 30px;right: 20px;\">\n<svg width=\"81\" height=\"142\" viewbox=\"0 0 81 142\" fill=\"none\" xmlns=\"http:\/\/www.w3.org\/2000\/svg\">\n\t<defs>\n\t\t<mask id=\"nativo-svg-mask-mb\" maskunits=\"userSpaceOnUse\">\n\t\t\t<path class=\"animate-line-svg\" d=\"M0.963813 140.686C1.79328 136.107 2.72664 132.032 6.44211 128.937C10.2406 125.772 16.6616 124.917 21.3825 123.906C33.8742 121.232 47.144 121.964 59.2239 117.469C68.7843 113.912 76.7961 109.498 79.3863 99.0409C82.344 87.1002 78.0557 77.5165 67.3072 71.2599C59.3729 66.6413 51.3564 63.419 42.7072 60.4408C34.1471 57.4934 24.9838 53.1102 18.5501 46.5724C13.6273 41.5699 11.5825 32.9477 15.9821 26.8876C22.1576 18.3816 38.0521 13.1964 38.1489 0.902496\" stroke=\"#EFB880\" stroke-linecap=\"round\" stroke-width=\"1\"><\/path>\n\t\t<\/mask>\n\t<\/defs>\n\t<g mask=\"url(#nativo-svg-mask-mb)\">\n\t\t<path d=\"M0.963813 140.686C1.79328 136.107 2.72664 132.032 6.44211 128.937C10.2406 125.772 16.6616 124.917 21.3825 123.906C33.8742 121.232 47.144 121.964 59.2239 117.469C68.7843 113.912 76.7961 109.498 79.3863 99.0409C82.344 87.1002 78.0557 77.5165 67.3072 71.2599C59.3729 66.6413 51.3564 63.419 42.7072 60.4408C34.1471 57.4934 24.9838 53.1102 18.5501 46.5724C13.6273 41.5699 11.5825 32.9477 15.9821 26.8876C22.1576 18.3816 38.0521 13.1964 38.1489 0.902496\" stroke=\"#EFB880\" stroke-linecap=\"round\" stroke-width=\"1\" stroke-dasharray=\"6 6\"><\/path>\n\t<\/g>\n<\/svg>\n<\/div>\n<\/div>\n\n\n\n<div class=\"animate-line line-dt\">\n<div class=\"svg-wrapper\" style=\"height: 554px;transform:rotate(3deg) translatex(25px);top: 30px;\">\n<svg width=\"615\" height=\"573\" viewbox=\"0 0 615 573\" fill=\"none\" xmlns=\"http:\/\/www.w3.org\/2000\/svg\">\n\t<defs>\n\t\t<mask id=\"nativo-svg-mask\" maskunits=\"userSpaceOnUse\">\n\t\t\t<path class=\"animate-line-svg\" d=\"M323.458 2.00009C324.422 20.5191 326.051 37.0995 339.172 51.2112C352.586 65.6383 377.533 72.2674 395.681 78.6483C443.704 95.5323 496.524 99.3482 541.998 123.221C577.988 142.115 607.424 163.613 612.375 206.255C618.028 254.947 596.233 290.659 550.586 309.955C516.89 324.198 483.575 332.882 447.882 340.281C412.558 347.603 368.5 349.5 345.388 382.884C323.401 400.167 339.172 503.5 235 477.5C87.5 425 7.33311 522.359 1.49998 571\" stroke=\"#EFB880\" stroke-width=\"3\" stroke-linecap=\"round\"><\/path>\n\t\t<\/mask>\n\t<\/defs>\n\t<g mask=\"url(#nativo-svg-mask)\">\n\t\t<path d=\"M323.458 2.00009C324.422 20.5191 326.051 37.0995 339.172 51.2112C352.586 65.6383 377.533 72.2674 395.681 78.6483C443.704 95.5323 496.524 99.3482 541.998 123.221C577.988 142.115 607.424 163.613 612.375 206.255C618.028 254.947 596.233 290.659 550.586 309.955C516.89 324.198 483.575 332.882 447.882 340.281C412.558 347.603 368.5 349.5 345.388 382.884C323.401 400.167 339.172 503.5 235 477.5C87.5 425 7.33311 522.359 1.49998 571\" stroke=\"#EFB880\" stroke-width=\"3\" stroke-linecap=\"round\" stroke-dasharray=\"6 6\"><\/path>\n\t<\/g>\n<\/svg>\n<\/div>\n<\/div>\n\n\n    <\/div>\n<\/div>\n\n\n<div aria-hidden=\"true\" id=\"elmntl-spacer-block_623d68e9ca7f9\" class=\"elmntl-spacer\">\n    <div class=\"spacer dt-spacer\" style=\"height: 180px;\"><\/div>\n    <div class=\"spacer tb-spacer\" style=\"height: 50px;\"><\/div>\n    <div class=\"spacer mb-spacer\" style=\"height: 40px;\"><\/div>\n<\/div>\n\n\n<div id=\"elmntl-spirit-media-text-block_623d68e1ca7f7\" class=\"elmntl-spirit-media-text animate-group media-right\">\n    <div class=\"header slide-right\"><h2 class=\"has-huge-font-size\" style=\"color: #fcc787;\">recetas de cocteles<\/h2c><\/div>\n    <figure class=\"media slide-left\">\n        <img loading=\"lazy\" decoding=\"async\" width=\"1024\" height=\"667\" src=\"https:\/\/lascalifornias.com\/wp-content\/uploads\/2022\/04\/22_GH_Nativo_Cocktails_Negroni_0499-MainwBottle_FINAL-1024x667.jpg\" class=\"attachment-large size-large\" alt=\"\" srcset=\"\" sizes=\"auto, (max-width: 1024px) 100vw, 1024px\" data-srcset=\"\" \/>            <\/figure>\n    <div class=\"content slide-up\">\n        \n\n<div class=\"wp-block-buttons is-layout-flex wp-block-buttons-is-layout-flex\">\n<div class=\"wp-block-button is-style-outline is-style-outline--3\"><a class=\"wp-block-button__link has-orange-color has-cream-background-color has-text-color has-background\" href=\"https:\/\/lascalifornias.com\/es\/the-cocktails\/\">descubre nuestros cocteles<\/a><\/div>\n<\/div>\n\n\n    <\/div>\n<\/div>\n<\/div><\/div>","protected":false},"excerpt":{"rendered":"<p>las californias is a range of gins made with botanicals from two neighboring countries\u2014the United States and Mexico. Our gins are an exploration of the unconstrained cultural and biological diversity that flows across this region today \u2014 and, ultimately, what can transpire when we transcend artificial borders. Hyper-local foraging across this border resulted in the [&hellip;]<\/p>","protected":false},"author":1,"featured_media":0,"parent":0,"menu_order":0,"comment_status":"closed","ping_status":"closed","template":"","meta":{"_acf_changed":false,"footnotes":""},"class_list":["post-5","page","type-page","status-publish","hentry"],"acf":[],"yoast_head":"<!-- This site is optimized with the Yoast SEO plugin v27.6 - https:\/\/yoast.com\/product\/yoast-seo-wordpress\/ -->\n<title>Home &#8212; Las Californias<\/title>\n<meta name=\"robots\" content=\"index, follow, max-snippet:-1, max-image-preview:large, max-video-preview:-1\" \/>\n<link rel=\"canonical\" href=\"https:\/\/lascalifornias.com\/es\/\" \/>\n<meta property=\"og:locale\" content=\"es_ES\" \/>\n<meta property=\"og:type\" content=\"article\" \/>\n<meta property=\"og:title\" content=\"Home &#8212; Las Californias\" \/>\n<meta property=\"og:description\" content=\"las californias is a range of gins made with botanicals from two neighboring countries\u2014the United States and Mexico. Our gins are an exploration of the unconstrained cultural and biological diversity that flows across this region today \u2014 and, ultimately, what can transpire when we transcend artificial borders. Hyper-local foraging across this border resulted in the [&hellip;]\" \/>\n<meta property=\"og:url\" content=\"https:\/\/lascalifornias.com\/es\/\" \/>\n<meta property=\"og:site_name\" content=\"Las Californias\" \/>\n<meta property=\"article:modified_time\" content=\"2022-04-28T00:30:34+00:00\" \/>\n<meta name=\"twitter:card\" content=\"summary_large_image\" \/>\n<meta name=\"twitter:label1\" content=\"Tiempo de lectura\" \/>\n\t<meta name=\"twitter:data1\" content=\"1 minuto\" \/>\n<script type=\"application\/ld+json\" class=\"yoast-schema-graph\">{\"@context\":\"https:\\\/\\\/schema.org\",\"@graph\":[{\"@type\":\"WebPage\",\"@id\":\"https:\\\/\\\/lascalifornias.com\\\/\",\"url\":\"https:\\\/\\\/lascalifornias.com\\\/\",\"name\":\"Home &#8212; Las Californias\",\"isPartOf\":{\"@id\":\"https:\\\/\\\/lascalifornias.com\\\/#website\"},\"datePublished\":\"2022-03-23T05:42:58+00:00\",\"dateModified\":\"2022-04-28T00:30:34+00:00\",\"breadcrumb\":{\"@id\":\"https:\\\/\\\/lascalifornias.com\\\/#breadcrumb\"},\"inLanguage\":\"es\",\"potentialAction\":[{\"@type\":\"ReadAction\",\"target\":[\"https:\\\/\\\/lascalifornias.com\\\/\"]}]},{\"@type\":\"BreadcrumbList\",\"@id\":\"https:\\\/\\\/lascalifornias.com\\\/#breadcrumb\",\"itemListElement\":[{\"@type\":\"ListItem\",\"position\":1,\"name\":\"Home\",\"item\":\"https:\\\/\\\/lascalifornias.com\\\/\"},{\"@type\":\"ListItem\",\"position\":2,\"name\":\"Home\"}]},{\"@type\":\"WebSite\",\"@id\":\"https:\\\/\\\/lascalifornias.com\\\/#website\",\"url\":\"https:\\\/\\\/lascalifornias.com\\\/\",\"name\":\"Las Californias\",\"description\":\"\",\"publisher\":{\"@id\":\"https:\\\/\\\/lascalifornias.com\\\/#organization\"},\"potentialAction\":[{\"@type\":\"SearchAction\",\"target\":{\"@type\":\"EntryPoint\",\"urlTemplate\":\"https:\\\/\\\/lascalifornias.com\\\/?s={search_term_string}\"},\"query-input\":{\"@type\":\"PropertyValueSpecification\",\"valueRequired\":true,\"valueName\":\"search_term_string\"}}],\"inLanguage\":\"es\"},{\"@type\":\"Organization\",\"@id\":\"https:\\\/\\\/lascalifornias.com\\\/#organization\",\"name\":\"Las Californias\",\"url\":\"https:\\\/\\\/lascalifornias.com\\\/\",\"logo\":{\"@type\":\"ImageObject\",\"inLanguage\":\"es\",\"@id\":\"https:\\\/\\\/lascalifornias.com\\\/#\\\/schema\\\/logo\\\/image\\\/\",\"url\":\"https:\\\/\\\/lascalifornias.com\\\/wp-content\\\/uploads\\\/2022\\\/04\\\/head-logo-full.svg\",\"contentUrl\":\"https:\\\/\\\/lascalifornias.com\\\/wp-content\\\/uploads\\\/2022\\\/04\\\/head-logo-full.svg\",\"caption\":\"Las Californias\"},\"image\":{\"@id\":\"https:\\\/\\\/lascalifornias.com\\\/#\\\/schema\\\/logo\\\/image\\\/\"}}]}<\/script>\n<!-- \/ Yoast SEO plugin. -->","yoast_head_json":{"title":"Home &#8212; Las Californias","robots":{"index":"index","follow":"follow","max-snippet":"max-snippet:-1","max-image-preview":"max-image-preview:large","max-video-preview":"max-video-preview:-1"},"canonical":"https:\/\/lascalifornias.com\/es\/","og_locale":"es_ES","og_type":"article","og_title":"Home &#8212; Las Californias","og_description":"las californias is a range of gins made with botanicals from two neighboring countries\u2014the United States and Mexico. Our gins are an exploration of the unconstrained cultural and biological diversity that flows across this region today \u2014 and, ultimately, what can transpire when we transcend artificial borders. Hyper-local foraging across this border resulted in the [&hellip;]","og_url":"https:\/\/lascalifornias.com\/es\/","og_site_name":"Las Californias","article_modified_time":"2022-04-28T00:30:34+00:00","twitter_card":"summary_large_image","twitter_misc":{"Tiempo de lectura":"1 minuto"},"schema":{"@context":"https:\/\/schema.org","@graph":[{"@type":"WebPage","@id":"https:\/\/lascalifornias.com\/","url":"https:\/\/lascalifornias.com\/","name":"Home &#8212; Las Californias","isPartOf":{"@id":"https:\/\/lascalifornias.com\/#website"},"datePublished":"2022-03-23T05:42:58+00:00","dateModified":"2022-04-28T00:30:34+00:00","breadcrumb":{"@id":"https:\/\/lascalifornias.com\/#breadcrumb"},"inLanguage":"es","potentialAction":[{"@type":"ReadAction","target":["https:\/\/lascalifornias.com\/"]}]},{"@type":"BreadcrumbList","@id":"https:\/\/lascalifornias.com\/#breadcrumb","itemListElement":[{"@type":"ListItem","position":1,"name":"Home","item":"https:\/\/lascalifornias.com\/"},{"@type":"ListItem","position":2,"name":"Home"}]},{"@type":"WebSite","@id":"https:\/\/lascalifornias.com\/#website","url":"https:\/\/lascalifornias.com\/","name":"Las Californias","description":"","publisher":{"@id":"https:\/\/lascalifornias.com\/#organization"},"potentialAction":[{"@type":"SearchAction","target":{"@type":"EntryPoint","urlTemplate":"https:\/\/lascalifornias.com\/?s={search_term_string}"},"query-input":{"@type":"PropertyValueSpecification","valueRequired":true,"valueName":"search_term_string"}}],"inLanguage":"es"},{"@type":"Organization","@id":"https:\/\/lascalifornias.com\/#organization","name":"Las Californias","url":"https:\/\/lascalifornias.com\/","logo":{"@type":"ImageObject","inLanguage":"es","@id":"https:\/\/lascalifornias.com\/#\/schema\/logo\/image\/","url":"https:\/\/lascalifornias.com\/wp-content\/uploads\/2022\/04\/head-logo-full.svg","contentUrl":"https:\/\/lascalifornias.com\/wp-content\/uploads\/2022\/04\/head-logo-full.svg","caption":"Las Californias"},"image":{"@id":"https:\/\/lascalifornias.com\/#\/schema\/logo\/image\/"}}]}},"_links":{"self":[{"href":"https:\/\/lascalifornias.com\/es\/wp-json\/wp\/v2\/pages\/5","targetHints":{"allow":["GET"]}}],"collection":[{"href":"https:\/\/lascalifornias.com\/es\/wp-json\/wp\/v2\/pages"}],"about":[{"href":"https:\/\/lascalifornias.com\/es\/wp-json\/wp\/v2\/types\/page"}],"author":[{"embeddable":true,"href":"https:\/\/lascalifornias.com\/es\/wp-json\/wp\/v2\/users\/1"}],"replies":[{"embeddable":true,"href":"https:\/\/lascalifornias.com\/es\/wp-json\/wp\/v2\/comments?post=5"}],"version-history":[{"count":21,"href":"https:\/\/lascalifornias.com\/es\/wp-json\/wp\/v2\/pages\/5\/revisions"}],"predecessor-version":[{"id":1054,"href":"https:\/\/lascalifornias.com\/es\/wp-json\/wp\/v2\/pages\/5\/revisions\/1054"}],"wp:attachment":[{"href":"https:\/\/lascalifornias.com\/es\/wp-json\/wp\/v2\/media?parent=5"}],"curies":[{"name":"wp","href":"https:\/\/api.w.org\/{rel}","templated":true}]}}